{"id":21,"date":"2022-02-02T11:03:46","date_gmt":"2022-02-02T11:03:46","guid":{"rendered":"https:\/\/yeetiluxe.com\/?page_id=21"},"modified":"2022-04-15T08:25:28","modified_gmt":"2022-04-15T08:25:28","slug":"about-us","status":"publish","type":"page","link":"https:\/\/yeetiluxe.com\/tr\/about-us\/","title":{"rendered":"Bizim Hakk\u0131m\u0131zda"},"content":{"rendered":"<h2 id=\"yeeti-luxe-moda-ve-alisveris-trendleri-bizim-uzmanlik-alanimiz\" style=\"text-align: center;\">Yeeti Luxe &#8211; Moda ve Al\u0131\u015fveri\u015f Trendleri bizim uzmanl\u0131k alan\u0131m\u0131z!<\/h2>\n<p><a href=\"https:\/\/yeetiluxe.com\/tr\/\"><strong>Yeeti Luxe<\/strong><\/a>, her sezon her moda trendi geldi\u011finde kendini iyi hissetmek ve be\u011fenilecek g\u00f6r\u00fcn\u00fcme kavu\u015fmak isteyen her Erkek ve Kad\u0131n\u0131 yapma konusundaki en son fikirleri payla\u015fmay\u0131 savunuyor. Akranlar\u0131 aras\u0131nda \u00f6ne \u00e7\u0131kmak isteyen her Erkek ve Kad\u0131n i\u00e7in giyim ve aksesuardaki son <em>moda trendleri<\/em>, <em>Al\u0131\u015fveri\u015f<\/em>, <em>Ki\u015fisel Bak\u0131m<\/em> ve <em>G\u00fczellik Bak\u0131m\u0131 \u0130pu\u00e7lar\u0131 hakk\u0131nda fikir vermeyi ama\u00e7l\u0131yoruz<\/em>.<\/p>\n<p><a href=\"https:\/\/yeetiluxe.com\/tr\/\"><em><strong>YeetiLuxe.com<\/strong><\/em><\/a>&#8216;da kaynaklar\u0131m\u0131z\u0131, her bireyin kendinden emin, \u015f\u0131k ve g\u00fczel g\u00f6r\u00fcnmesini sa\u011flayan \u015feyler hakk\u0131nda m\u00fckemmel \u015feyler aramaya ve yazmaya adad\u0131k. G\u00fcnl\u00fck moda ve ya\u015fam tarz\u0131n\u0131z\u0131 geli\u015ftirmenize yard\u0131mc\u0131 olabilecek blog yaz\u0131lar\u0131 payla\u015faca\u011f\u0131z. Giymek istedi\u011finiz k\u0131yafetler, Yapman\u0131z gereken g\u00fczellik ve cilt bak\u0131m\u0131 ve internetteki en iyi f\u0131rsatlar\u0131 yakalamak i\u00e7in ne zaman ve nerede al\u0131\u015fveri\u015f yapaca\u011f\u0131n\u0131z.<\/p>\n<h4 id=\"bizden-ne-beklenir\"><strong>Bizden ne beklenir:<\/strong><\/h4>\n<p>En yeni giysiler, g\u00f6z al\u0131c\u0131 \u00e7antalar, g\u00fczel ayakkab\u0131lar, en iyi m\u00fccevherler ve l\u00fcks saatler hakk\u0131nda <em><strong>Moda&#8217;n\u0131n yeni trendleri<\/strong><\/em> hakk\u0131nda <em><strong>klasik ipu\u00e7lar\u0131<\/strong><\/em> ve <em><strong>faydal\u0131 bilgiler ile sa\u011fl\u0131kl\u0131<\/strong><\/em>, <em><strong>g\u00fczel<\/strong><\/em> ve <em><strong>kusursuz bir cilt<\/strong><\/em> i\u00e7in <em><strong>tavsiyeler sunaca\u011f\u0131z<\/strong><\/em>.<\/p>\n","protected":false},"excerpt":{"rendered":"<p>Yeeti Luxe &#8211; Moda ve Al\u0131\u015fveri\u015f Trendleri bizim uzmanl\u0131k alan\u0131m\u0131z! Yeeti Luxe, her sezon her moda trendi geldi\u011finde kendini iyi hissetmek ve be\u011fenilecek g\u00f6r\u00fcn\u00fcme kavu\u015fmak isteyen her Erkek ve Kad\u0131n\u0131&hellip;<\/p>\n","protected":false},"author":1,"featured_media":0,"parent":0,"menu_order":0,"comment_status":"closed","ping_status":"closed","template":"","meta":{"footnotes":""},"class_list":["post-21","page","type-page","status-publish"],"_links":{"self":[{"href":"https:\/\/yeetiluxe.com\/tr\/wp-json\/wp\/v2\/pages\/21","targetHints":{"allow":["GET"]}}],"collection":[{"href":"https:\/\/yeetiluxe.com\/tr\/wp-json\/wp\/v2\/pages"}],"about":[{"href":"https:\/\/yeetiluxe.com\/tr\/wp-json\/wp\/v2\/types\/page"}],"author":[{"embeddable":true,"href":"https:\/\/yeetiluxe.com\/tr\/wp-json\/wp\/v2\/users\/1"}],"replies":[{"embeddable":true,"href":"https:\/\/yeetiluxe.com\/tr\/wp-json\/wp\/v2\/comments?post=21"}],"version-history":[{"count":6,"href":"https:\/\/yeetiluxe.com\/tr\/wp-json\/wp\/v2\/pages\/21\/revisions"}],"predecessor-version":[{"id":417,"href":"https:\/\/yeetiluxe.com\/tr\/wp-json\/wp\/v2\/pages\/21\/revisions\/417"}],"wp:attachment":[{"href":"https:\/\/yeetiluxe.com\/tr\/wp-json\/wp\/v2\/media?parent=21"}],"curies":[{"name":"wp","href":"https:\/\/api.w.org\/{rel}","templated":true}]}}