{"id":21,"date":"2022-02-02T11:03:46","date_gmt":"2022-02-02T11:03:46","guid":{"rendered":"https:\/\/yeetiluxe.com\/?page_id=21"},"modified":"2022-04-15T08:29:46","modified_gmt":"2022-04-15T08:29:46","slug":"about-us","status":"publish","type":"page","link":"https:\/\/yeetiluxe.com\/fr\/about-us\/","title":{"rendered":"\u00c0 Propos de Nous"},"content":{"rendered":"<h2 style=\"text-align: center;\">Yeeti Luxe &#8211; Les Tendances de la Mode et du Shopping est notre sp\u00e9cialit\u00e9 !<\/h2>\n<p><a href=\"https:\/\/yeetiluxe.com\/fr\/\"><strong>Yeeti Luxe<\/strong><\/a> pr\u00e9conise de partager les derni\u00e8res id\u00e9es pour faire en sorte que tous les hommes et toutes les femmes qui veulent se sentir bien et obtenir les looks qui plaisent \u00e0 chaque tendance de la mode arrivent chaque saison. Notre objectif est de donner un aper\u00e7u des derni\u00e8res tendances de la mode en<em> mati\u00e8re de v\u00eatements<\/em> et <em>d&#8217;accessoires<\/em>, <em>de conseils de shopping<\/em>, <em>de soins personnels<\/em> et <em>de beaut\u00e9 pour tous<\/em> les <em>hommes et femmes qui souhaitent<\/em> se d\u00e9marquer de leurs pairs.<\/p>\n<p>Chez <a href=\"https:\/\/yeetiluxe.com\/fr\/\"><em><strong>YeetiLuxe.com<\/strong><\/em><\/a>, nous consacrons nos ressources \u00e0 rechercher et \u00e0 \u00e9crire sur les choses parfaites sur ce qui rend chaque individu confiant, \u00e9l\u00e9gant et beau. Nous partagerons des articles de blog qui pourraient vous aider \u00e0 am\u00e9liorer votre mode et votre style de vie au quotidien. Les v\u00eatements que vous voulez porter, la beaut\u00e9 et les soins de la peau que vous devriez faire, et quand et o\u00f9 acheter pour profiter des meilleures offres sur le Web.<\/p>\n<h4><strong>Qu&#8217;attendre de nous :<\/strong><\/h4>\n<p>Nous pr\u00e9senterons des conseils classiques et des informations utiles sur les nouvelles tendances de la mode, concernant les derniers v\u00eatements, les sacs \u00e0 main \u00e9poustouflants, l<em><strong>es belles chaussures<\/strong><\/em>, l<em><strong>es meilleurs bijoux<\/strong><\/em> et <em><strong>montres de luxe<\/strong><\/em>, ainsi que des conseils pour une peau saine, <em><strong>belle et sans d\u00e9faut<\/strong><\/em>.<\/p>\n","protected":false},"excerpt":{"rendered":"<p>Yeeti Luxe &#8211; Les Tendances de la Mode et du Shopping est notre sp\u00e9cialit\u00e9 ! Yeeti Luxe pr\u00e9conise de partager les derni\u00e8res id\u00e9es pour faire en sorte que tous les&hellip;<\/p>\n","protected":false},"author":1,"featured_media":0,"parent":0,"menu_order":0,"comment_status":"closed","ping_status":"closed","template":"","meta":{"footnotes":""},"class_list":["post-21","page","type-page","status-publish"],"_links":{"self":[{"href":"https:\/\/yeetiluxe.com\/fr\/wp-json\/wp\/v2\/pages\/21","targetHints":{"allow":["GET"]}}],"collection":[{"href":"https:\/\/yeetiluxe.com\/fr\/wp-json\/wp\/v2\/pages"}],"about":[{"href":"https:\/\/yeetiluxe.com\/fr\/wp-json\/wp\/v2\/types\/page"}],"author":[{"embeddable":true,"href":"https:\/\/yeetiluxe.com\/fr\/wp-json\/wp\/v2\/users\/1"}],"replies":[{"embeddable":true,"href":"https:\/\/yeetiluxe.com\/fr\/wp-json\/wp\/v2\/comments?post=21"}],"version-history":[{"count":7,"href":"https:\/\/yeetiluxe.com\/fr\/wp-json\/wp\/v2\/pages\/21\/revisions"}],"predecessor-version":[{"id":430,"href":"https:\/\/yeetiluxe.com\/fr\/wp-json\/wp\/v2\/pages\/21\/revisions\/430"}],"wp:attachment":[{"href":"https:\/\/yeetiluxe.com\/fr\/wp-json\/wp\/v2\/media?parent=21"}],"curies":[{"name":"wp","href":"https:\/\/api.w.org\/{rel}","templated":true}]}}