{"id":21,"date":"2022-02-02T11:03:46","date_gmt":"2022-02-02T11:03:46","guid":{"rendered":"https:\/\/yeetiluxe.com\/de\/uber-uns"},"modified":"2022-04-15T08:52:24","modified_gmt":"2022-04-15T08:52:24","slug":"uber-uns","status":"publish","type":"page","link":"https:\/\/yeetiluxe.com\/de\/uber-uns\/","title":{"rendered":"\u00dcber uns"},"content":{"rendered":"<h2 id=\"yeeti-luxe-die-trends-von-mode-und-shopping-sind-unsere-spezialitat\" style=\"text-align: center;\">Yeeti Luxe &#8211; Die Trends von Mode und Shopping sind unsere Spezialit\u00e4t!<\/h2>\n<p><a href=\"https:\/\/yeetiluxe.com\/de\/\"><strong>Yeeti Luxe<\/strong> <\/a>pl\u00e4diert daf\u00fcr, die neuesten Ideen zu teilen, wie jeder Mann und jede Frau, die sich wohlf\u00fchlen und die Looks erreichen m\u00f6chten, die sie m\u00f6gen, da jeder Modetrend jede Saison ankommt. Unser Ziel ist es, Einblicke in die neuesten <a href=\"https:\/\/yeetiluxe.com\/de\/\"><em>Modetrends bei Kleidung<\/em><\/a> und <a href=\"https:\/\/yeetiluxe.com\/de\/\"><em>Accessoires<\/em><\/a>,<a href=\"https:\/\/yeetiluxe.com\/de\/\"><em> Einkaufs-, K\u00f6rper-<\/em><\/a> und <em>Sch\u00f6nheitspflegetipps f\u00fcr alle M\u00e4nner<\/em> und Frauen zu geben, die sich von ihren Kollegen abheben m\u00f6chten.<\/p>\n<p>Bei <a href=\"https:\/\/yeetiluxe.com\/de\/\"><em><strong>YeetiLuxe.com<\/strong><\/em><\/a> widmen wir unsere Ressourcen der Suche und dem Schreiben \u00fcber die perfekten Dinge dar\u00fcber, was jeden Einzelnen selbstbewusst, edel und sch\u00f6n aussehen l\u00e4sst. Wir werden Blog-Artikel teilen, die Ihnen helfen k\u00f6nnen, Ihre t\u00e4gliche Mode und Ihren Lebensstil zu verbessern. Kleidung, die Sie tragen m\u00f6chten, Sch\u00f6nheits- und Hautpflege, die Sie tun sollten, und wann und wo Sie einkaufen k\u00f6nnen, um die besten Angebote im Internet zu erhalten.<\/p>\n<h4 id=\"was-sie-von-uns-erwarten-konnen\"><strong>Was Sie von uns erwarten k\u00f6nnen:<\/strong><\/h4>\n<p>Wir bieten klassische Tipps und n\u00fctzliche Informationen \u00fcber die neuen <em><strong>Modetrends<\/strong><\/em>, <em><strong>\u00fcber neueste Kleidung<\/strong><\/em>, <em><strong>atemberaubende Handtaschen<\/strong><\/em>, <em><strong>sch\u00f6ne Schuhe<\/strong><\/em>, <em><strong>feinsten Schmuck<\/strong><\/em> und <em><strong>Luxusuhren sowie Ratschl\u00e4ge f\u00fcr eine gesunde<\/strong><\/em>, <em><strong>sch\u00f6ne und makellose Haut<\/strong><\/em>.<\/p>\n","protected":false},"excerpt":{"rendered":"<p>Yeeti Luxe &#8211; Die Trends von Mode und Shopping sind unsere Spezialit\u00e4t! Yeeti Luxe pl\u00e4diert daf\u00fcr, die neuesten Ideen zu teilen, wie jeder Mann und jede Frau, die sich wohlf\u00fchlen&hellip;<\/p>\n","protected":false},"author":1,"featured_media":0,"parent":0,"menu_order":0,"comment_status":"closed","ping_status":"closed","template":"","meta":{"footnotes":""},"class_list":["post-21","page","type-page","status-publish"],"_links":{"self":[{"href":"https:\/\/yeetiluxe.com\/de\/wp-json\/wp\/v2\/pages\/21","targetHints":{"allow":["GET"]}}],"collection":[{"href":"https:\/\/yeetiluxe.com\/de\/wp-json\/wp\/v2\/pages"}],"about":[{"href":"https:\/\/yeetiluxe.com\/de\/wp-json\/wp\/v2\/types\/page"}],"author":[{"embeddable":true,"href":"https:\/\/yeetiluxe.com\/de\/wp-json\/wp\/v2\/users\/1"}],"replies":[{"embeddable":true,"href":"https:\/\/yeetiluxe.com\/de\/wp-json\/wp\/v2\/comments?post=21"}],"version-history":[{"count":3,"href":"https:\/\/yeetiluxe.com\/de\/wp-json\/wp\/v2\/pages\/21\/revisions"}],"predecessor-version":[{"id":431,"href":"https:\/\/yeetiluxe.com\/de\/wp-json\/wp\/v2\/pages\/21\/revisions\/431"}],"wp:attachment":[{"href":"https:\/\/yeetiluxe.com\/de\/wp-json\/wp\/v2\/media?parent=21"}],"curies":[{"name":"wp","href":"https:\/\/api.w.org\/{rel}","templated":true}]}}