{"id":21,"date":"2022-02-02T11:03:46","date_gmt":"2022-02-02T11:03:46","guid":{"rendered":"https:\/\/yeetiluxe.com\/?page_id=21"},"modified":"2022-04-15T08:21:40","modified_gmt":"2022-04-15T08:21:40","slug":"about-us","status":"publish","type":"page","link":"https:\/\/yeetiluxe.com\/br\/about-us\/","title":{"rendered":"Sobre N\u00f3s"},"content":{"rendered":"<h2 id=\"yeeti-luxe-as-tendencias-da-moda-e-compras-e-nossa-especialidade\" style=\"text-align: center;\">Yeeti Luxe &#8211; As Tend\u00eancias da Moda e Compras \u00e9 nossa especialidade!<\/h2>\n<p><a href=\"http:\/\/yeetiluxe.com\/br\"><strong>Yeeti Luxe<\/strong><\/a> defende compartilhar as \u00faltimas ideias sobre como fazer todos os homens e mulheres que querem se sentir bem e alcan\u00e7ar a apar\u00eancia de ser apreciado, pois todas as <a href=\"http:\/\/yeetiluxe.com\/br\"><em>tend\u00eancias da moda<\/em><\/a> chegam a cada temporada. Nosso objetivo \u00e9 fornecer insights sobre as \u00faltimas tend\u00eancias da moda em <a href=\"http:\/\/yeetiluxe.com\/br\"><em>roupas e acess\u00f3rios<\/em><\/a>, dicas de compras, cuidados pessoais e de beleza para todos os homens e mulheres que desejam se destacar entre seus pares.<\/p>\n<p>No <a href=\"http:\/\/yeetiluxe.com\/br\"><strong>YeetiLuxe.com<\/strong><\/a>, dedicamos nossos recursos para pesquisar e escrever sobre as coisas perfeitas sobre o que faz com que cada indiv\u00edduo pare\u00e7a confiante, elegante e bonito. Compartilharemos artigos do blog que podem ajud\u00e1-lo a melhorar sua moda e estilo de vida di\u00e1rios. Roupas que voc\u00ea deseja usar, beleza e cuidados com a pele que voc\u00ea deve fazer e quando e onde comprar para obter as melhores ofertas na web.<\/p>\n<h4 id=\"o-que-esperar-de-nos\">O que esperar de n\u00f3s:-<\/h4>\n<p>Apresentaremos dicas cl\u00e1ssicas e informa\u00e7\u00f5es \u00fateis sobre as novas tend\u00eancias da Moda, <strong><em>sobre ropas de \u00faltima gera\u00e7\u00e3o<\/em><\/strong>, <em><strong>bolsas deslumbrantes<\/strong><\/em>, <em><strong>sapatos bonitos<\/strong><\/em>, <em><strong>joias e rel\u00f3gios de luxo<\/strong><\/em>, al\u00e9m de conselhos para uma pele saud\u00e1vel, <strong><em>bonita e impec\u00e1vel<\/em><\/strong>.<\/p>\n","protected":false},"excerpt":{"rendered":"<p>Yeeti Luxe &#8211; As Tend\u00eancias da Moda e Compras \u00e9 nossa especialidade! Yeeti Luxe defende compartilhar as \u00faltimas ideias sobre como fazer todos os homens e mulheres que querem se&hellip;<\/p>\n","protected":false},"author":1,"featured_media":0,"parent":0,"menu_order":0,"comment_status":"closed","ping_status":"closed","template":"","meta":{"footnotes":""},"class_list":["post-21","page","type-page","status-publish"],"_links":{"self":[{"href":"https:\/\/yeetiluxe.com\/br\/wp-json\/wp\/v2\/pages\/21","targetHints":{"allow":["GET"]}}],"collection":[{"href":"https:\/\/yeetiluxe.com\/br\/wp-json\/wp\/v2\/pages"}],"about":[{"href":"https:\/\/yeetiluxe.com\/br\/wp-json\/wp\/v2\/types\/page"}],"author":[{"embeddable":true,"href":"https:\/\/yeetiluxe.com\/br\/wp-json\/wp\/v2\/users\/1"}],"replies":[{"embeddable":true,"href":"https:\/\/yeetiluxe.com\/br\/wp-json\/wp\/v2\/comments?post=21"}],"version-history":[{"count":8,"href":"https:\/\/yeetiluxe.com\/br\/wp-json\/wp\/v2\/pages\/21\/revisions"}],"predecessor-version":[{"id":591,"href":"https:\/\/yeetiluxe.com\/br\/wp-json\/wp\/v2\/pages\/21\/revisions\/591"}],"wp:attachment":[{"href":"https:\/\/yeetiluxe.com\/br\/wp-json\/wp\/v2\/media?parent=21"}],"curies":[{"name":"wp","href":"https:\/\/api.w.org\/{rel}","templated":true}]}}